{"id":258,"date":"2020-10-13T12:43:44","date_gmt":"2020-10-13T10:43:44","guid":{"rendered":"http:\/\/www.aumohairdelachtitebiquette.fr\/?page_id=258"},"modified":"2021-11-01T21:07:04","modified_gmt":"2021-11-01T20:07:04","slug":"echarpes-tissees-mohair","status":"publish","type":"page","link":"https:\/\/www.aumohairdelachtitebiquette.fr\/index.php\/echarpes-tissees-mohair\/","title":{"rendered":"Echarpes tiss\u00e9es"},"content":{"rendered":"<p>[et_pb_section fb_built=\u00a0\u00bb1&Prime; _builder_version=\u00a0\u00bb4.6.5&Prime; _module_preset=\u00a0\u00bbdefault\u00a0\u00bb global_colors_info=\u00a0\u00bb{}\u00a0\u00bb][et_pb_row _builder_version=\u00a0\u00bb4.6.5&Prime; _module_preset=\u00a0\u00bbdefault\u00a0\u00bb global_colors_info=\u00a0\u00bb{}\u00a0\u00bb][et_pb_column type=\u00a0\u00bb4_4&Prime; _builder_version=\u00a0\u00bb4.6.5&Prime; _module_preset=\u00a0\u00bbdefault\u00a0\u00bb global_colors_info=\u00a0\u00bb{}\u00a0\u00bb][et_pb_shop type=\u00a0\u00bbproduct_category\u00a0\u00bb include_categories=\u00a0\u00bb46&Prime; _builder_version=\u00a0\u00bb4.7.7&Prime; _module_preset=\u00a0\u00bbdefault\u00a0\u00bb global_colors_info=\u00a0\u00bb{}\u00a0\u00bb][\/et_pb_shop][\/et_pb_column][\/et_pb_row][\/et_pb_section]<\/p>\n","protected":false},"excerpt":{"rendered":"","protected":false},"author":1,"featured_media":0,"parent":0,"menu_order":0,"comment_status":"closed","ping_status":"closed","template":"","meta":{"_et_pb_use_builder":"on","_et_pb_old_content":"","_et_gb_content_width":"","footnotes":""},"class_list":["post-258","page","type-page","status-publish","hentry"],"yoast_head":"<!-- This site is optimized with the Yoast SEO plugin v27.4 - https:\/\/yoast.com\/product\/yoast-seo-wordpress\/ -->\n<title>\u00e9charpe mohair - Au Mohair de la Chtite Biquette<\/title>\n<meta name=\"description\" content=\"Venez d\u00e9couvrir nos \u00e9charpes tiss\u00e9es mohair synonyme de chaleur, douceur et \u00e9l\u00e9gance autour du cou. Parfait pour un cadeau.\" \/>\n<meta name=\"robots\" content=\"index, follow, max-snippet:-1, max-image-preview:large, max-video-preview:-1\" \/>\n<link rel=\"canonical\" href=\"https:\/\/www.aumohairdelachtitebiquette.fr\/index.php\/echarpes-tissees-mohair\/\" \/>\n<meta property=\"og:locale\" content=\"fr_FR\" \/>\n<meta property=\"og:type\" content=\"article\" \/>\n<meta property=\"og:title\" content=\"\u00e9charpe mohair - Au Mohair de la Chtite Biquette\" \/>\n<meta property=\"og:description\" content=\"Venez d\u00e9couvrir nos \u00e9charpes tiss\u00e9es mohair synonyme de chaleur, douceur et \u00e9l\u00e9gance autour du cou. Parfait pour un cadeau.\" \/>\n<meta property=\"og:url\" content=\"https:\/\/www.aumohairdelachtitebiquette.fr\/index.php\/echarpes-tissees-mohair\/\" \/>\n<meta property=\"og:site_name\" content=\"Au Mohair de la Chtite Biquette\" \/>\n<meta property=\"article:modified_time\" content=\"2021-11-01T20:07:04+00:00\" \/>\n<meta name=\"twitter:card\" content=\"summary_large_image\" \/>\n<script type=\"application\/ld+json\" class=\"yoast-schema-graph\">{\"@context\":\"https:\\\/\\\/schema.org\",\"@graph\":[{\"@type\":\"WebPage\",\"@id\":\"https:\\\/\\\/www.aumohairdelachtitebiquette.fr\\\/index.php\\\/echarpes-tissees-mohair\\\/\",\"url\":\"https:\\\/\\\/www.aumohairdelachtitebiquette.fr\\\/index.php\\\/echarpes-tissees-mohair\\\/\",\"name\":\"\u00e9charpe mohair - Au Mohair de la Chtite Biquette\",\"isPartOf\":{\"@id\":\"https:\\\/\\\/www.aumohairdelachtitebiquette.fr\\\/#website\"},\"datePublished\":\"2020-10-13T10:43:44+00:00\",\"dateModified\":\"2021-11-01T20:07:04+00:00\",\"description\":\"Venez d\u00e9couvrir nos \u00e9charpes tiss\u00e9es mohair synonyme de chaleur, douceur et \u00e9l\u00e9gance autour du cou. Parfait pour un cadeau.\",\"breadcrumb\":{\"@id\":\"https:\\\/\\\/www.aumohairdelachtitebiquette.fr\\\/index.php\\\/echarpes-tissees-mohair\\\/#breadcrumb\"},\"inLanguage\":\"fr-FR\",\"potentialAction\":[{\"@type\":\"ReadAction\",\"target\":[\"https:\\\/\\\/www.aumohairdelachtitebiquette.fr\\\/index.php\\\/echarpes-tissees-mohair\\\/\"]}]},{\"@type\":\"BreadcrumbList\",\"@id\":\"https:\\\/\\\/www.aumohairdelachtitebiquette.fr\\\/index.php\\\/echarpes-tissees-mohair\\\/#breadcrumb\",\"itemListElement\":[{\"@type\":\"ListItem\",\"position\":1,\"name\":\"Home\",\"item\":\"https:\\\/\\\/www.aumohairdelachtitebiquette.fr\\\/\"},{\"@type\":\"ListItem\",\"position\":2,\"name\":\"Echarpes tiss\u00e9es\"}]},{\"@type\":\"WebSite\",\"@id\":\"https:\\\/\\\/www.aumohairdelachtitebiquette.fr\\\/#website\",\"url\":\"https:\\\/\\\/www.aumohairdelachtitebiquette.fr\\\/\",\"name\":\"Au Mohair de la Chtite Biquette\",\"description\":\"\",\"potentialAction\":[{\"@type\":\"SearchAction\",\"target\":{\"@type\":\"EntryPoint\",\"urlTemplate\":\"https:\\\/\\\/www.aumohairdelachtitebiquette.fr\\\/?s={search_term_string}\"},\"query-input\":{\"@type\":\"PropertyValueSpecification\",\"valueRequired\":true,\"valueName\":\"search_term_string\"}}],\"inLanguage\":\"fr-FR\"}]}<\/script>\n<!-- \/ Yoast SEO plugin. -->","yoast_head_json":{"title":"\u00e9charpe mohair - Au Mohair de la Chtite Biquette","description":"Venez d\u00e9couvrir nos \u00e9charpes tiss\u00e9es mohair synonyme de chaleur, douceur et \u00e9l\u00e9gance autour du cou. Parfait pour un cadeau.","robots":{"index":"index","follow":"follow","max-snippet":"max-snippet:-1","max-image-preview":"max-image-preview:large","max-video-preview":"max-video-preview:-1"},"canonical":"https:\/\/www.aumohairdelachtitebiquette.fr\/index.php\/echarpes-tissees-mohair\/","og_locale":"fr_FR","og_type":"article","og_title":"\u00e9charpe mohair - Au Mohair de la Chtite Biquette","og_description":"Venez d\u00e9couvrir nos \u00e9charpes tiss\u00e9es mohair synonyme de chaleur, douceur et \u00e9l\u00e9gance autour du cou. Parfait pour un cadeau.","og_url":"https:\/\/www.aumohairdelachtitebiquette.fr\/index.php\/echarpes-tissees-mohair\/","og_site_name":"Au Mohair de la Chtite Biquette","article_modified_time":"2021-11-01T20:07:04+00:00","twitter_card":"summary_large_image","schema":{"@context":"https:\/\/schema.org","@graph":[{"@type":"WebPage","@id":"https:\/\/www.aumohairdelachtitebiquette.fr\/index.php\/echarpes-tissees-mohair\/","url":"https:\/\/www.aumohairdelachtitebiquette.fr\/index.php\/echarpes-tissees-mohair\/","name":"\u00e9charpe mohair - Au Mohair de la Chtite Biquette","isPartOf":{"@id":"https:\/\/www.aumohairdelachtitebiquette.fr\/#website"},"datePublished":"2020-10-13T10:43:44+00:00","dateModified":"2021-11-01T20:07:04+00:00","description":"Venez d\u00e9couvrir nos \u00e9charpes tiss\u00e9es mohair synonyme de chaleur, douceur et \u00e9l\u00e9gance autour du cou. Parfait pour un cadeau.","breadcrumb":{"@id":"https:\/\/www.aumohairdelachtitebiquette.fr\/index.php\/echarpes-tissees-mohair\/#breadcrumb"},"inLanguage":"fr-FR","potentialAction":[{"@type":"ReadAction","target":["https:\/\/www.aumohairdelachtitebiquette.fr\/index.php\/echarpes-tissees-mohair\/"]}]},{"@type":"BreadcrumbList","@id":"https:\/\/www.aumohairdelachtitebiquette.fr\/index.php\/echarpes-tissees-mohair\/#breadcrumb","itemListElement":[{"@type":"ListItem","position":1,"name":"Home","item":"https:\/\/www.aumohairdelachtitebiquette.fr\/"},{"@type":"ListItem","position":2,"name":"Echarpes tiss\u00e9es"}]},{"@type":"WebSite","@id":"https:\/\/www.aumohairdelachtitebiquette.fr\/#website","url":"https:\/\/www.aumohairdelachtitebiquette.fr\/","name":"Au Mohair de la Chtite Biquette","description":"","potentialAction":[{"@type":"SearchAction","target":{"@type":"EntryPoint","urlTemplate":"https:\/\/www.aumohairdelachtitebiquette.fr\/?s={search_term_string}"},"query-input":{"@type":"PropertyValueSpecification","valueRequired":true,"valueName":"search_term_string"}}],"inLanguage":"fr-FR"}]}},"jetpack_sharing_enabled":true,"_links":{"self":[{"href":"https:\/\/www.aumohairdelachtitebiquette.fr\/index.php\/wp-json\/wp\/v2\/pages\/258","targetHints":{"allow":["GET"]}}],"collection":[{"href":"https:\/\/www.aumohairdelachtitebiquette.fr\/index.php\/wp-json\/wp\/v2\/pages"}],"about":[{"href":"https:\/\/www.aumohairdelachtitebiquette.fr\/index.php\/wp-json\/wp\/v2\/types\/page"}],"author":[{"embeddable":true,"href":"https:\/\/www.aumohairdelachtitebiquette.fr\/index.php\/wp-json\/wp\/v2\/users\/1"}],"replies":[{"embeddable":true,"href":"https:\/\/www.aumohairdelachtitebiquette.fr\/index.php\/wp-json\/wp\/v2\/comments?post=258"}],"version-history":[{"count":0,"href":"https:\/\/www.aumohairdelachtitebiquette.fr\/index.php\/wp-json\/wp\/v2\/pages\/258\/revisions"}],"wp:attachment":[{"href":"https:\/\/www.aumohairdelachtitebiquette.fr\/index.php\/wp-json\/wp\/v2\/media?parent=258"}],"curies":[{"name":"wp","href":"https:\/\/api.w.org\/{rel}","templated":true}]}}